{"id":9,"date":"2025-07-03T09:44:41","date_gmt":"2025-07-03T07:44:41","guid":{"rendered":"http:\/\/dps.kostrzyn.pl\/?page_id=9"},"modified":"2025-07-03T14:40:59","modified_gmt":"2025-07-03T12:40:59","slug":"strona-domowa","status":"publish","type":"page","link":"http:\/\/dps.kostrzyn.pl\/","title":{"rendered":"O nas"},"content":{"rendered":"\n<div class=\"wp-block-cover alignfull\" style=\"min-height:651px;aspect-ratio:unset;\"><img fetchpriority=\"high\" decoding=\"async\" width=\"593\" height=\"1024\" class=\"wp-block-cover__image-background wp-image-47 size-large\" alt=\"\" src=\"http:\/\/dps.kostrzyn.pl\/wp-content\/uploads\/2025\/07\/513866615_122119273160899724_7296800144979256425_n-593x1024.jpg\" data-object-fit=\"cover\" srcset=\"http:\/\/dps.kostrzyn.pl\/wp-content\/uploads\/2025\/07\/513866615_122119273160899724_7296800144979256425_n-593x1024.jpg 593w, http:\/\/dps.kostrzyn.pl\/wp-content\/uploads\/2025\/07\/513866615_122119273160899724_7296800144979256425_n-174x300.jpg 174w, http:\/\/dps.kostrzyn.pl\/wp-content\/uploads\/2025\/07\/513866615_122119273160899724_7296800144979256425_n-768x1327.jpg 768w, http:\/\/dps.kostrzyn.pl\/wp-content\/uploads\/2025\/07\/513866615_122119273160899724_7296800144979256425_n-889x1536.jpg 889w, http:\/\/dps.kostrzyn.pl\/wp-content\/uploads\/2025\/07\/513866615_122119273160899724_7296800144979256425_n.jpg 1080w\" sizes=\"(max-width: 593px) 100vw, 593px\" \/><span aria-hidden=\"true\" class=\"wp-block-cover__background has-background-dim wp-block-cover__gradient-background has-background-gradient\" style=\"background-color:#997261;background:linear-gradient(35deg,rgb(6,0,151) 0%,rgb(130,4,255) 73%,rgb(193,15,255) 100%)\"><\/span><div class=\"wp-block-cover__inner-container is-layout-flow wp-block-cover-is-layout-flow\">\n<div class=\"wp-block-group alignwide\"><div class=\"wp-block-group__inner-container is-layout-constrained wp-block-group-is-layout-constrained\">\n<details class=\"wp-block-details is-layout-flow wp-block-details-is-layout-flow\"><summary><strong>Dom Pomocy Spo\u0142ecznej w Kostrzynie<\/strong><br>\u201ePomoc, opieka i wsparcie dla os\u00f3b potrzebuj\u0105cych \u2013 z godno\u015bci\u0105 i trosk\u0105\u201d<\/summary>\n<p><\/p>\n<\/details>\n<\/div><\/div>\n<\/div><\/div>\n\n\n\n<div class=\"wp-block-group alignfull has-ast-global-color-5-background-color has-background\" style=\"padding-bottom:0px\"><div class=\"wp-block-group__inner-container is-layout-constrained wp-container-core-group-is-layout-9ff7351d wp-block-group-is-layout-constrained\">\n<div class=\"wp-block-columns are-vertically-aligned-top is-layout-flex wp-container-core-columns-is-layout-88c107d0 wp-block-columns-is-layout-flex\">\n<div class=\"wp-block-column is-vertically-aligned-top is-layout-flow wp-block-column-is-layout-flow\">\n<figure class=\"wp-block-image size-large\"><img decoding=\"async\" src=\"http:\/\/dps.kostrzyn.pl\/wp-content\/themes\/astra\/inc\/assets\/images\/starter-content\/building.svg\" alt=\"\" class=\"wp-image-134\"\/><\/figure>\n\n\n\n<h3 class=\"wp-block-heading has-text-align-left\" style=\"margin-top:16px\">Local Business<\/h3>\n\n\n\n<p class=\"has-text-align-left\">Lorem ipsum dolor consectetur adipiscing elit eiusmod.<\/p>\n<\/div>\n\n\n\n<div class=\"wp-block-column is-vertically-aligned-top is-layout-flow wp-block-column-is-layout-flow\">\n<figure class=\"wp-block-image size-large\"><img decoding=\"async\" src=\"http:\/\/dps.kostrzyn.pl\/wp-content\/themes\/astra\/inc\/assets\/images\/starter-content\/shopping-bag.svg\" alt=\"\" class=\"wp-image-135\"\/><\/figure>\n\n\n\n<h3 class=\"wp-block-heading has-text-align-left\" style=\"margin-top:16px\">Online Store<\/h3>\n\n\n\n<p class=\"has-text-align-left\">Lorem ipsum dolor consectetur adipiscing elit eiusmod.<\/p>\n<\/div>\n\n\n\n<div class=\"wp-block-column is-vertically-aligned-top is-layout-flow wp-block-column-is-layout-flow\">\n<figure class=\"wp-block-image size-large\"><img decoding=\"async\" src=\"http:\/\/dps.kostrzyn.pl\/wp-content\/themes\/astra\/inc\/assets\/images\/starter-content\/blog.svg\" alt=\"\" class=\"wp-image-136\"\/><\/figure>\n\n\n\n<h3 class=\"wp-block-heading has-text-align-left\" style=\"margin-top:16px\">Blogging<\/h3>\n\n\n\n<p class=\"has-text-align-left\">Lorem ipsum dolor consectetur adipiscing elit eiusmod.<\/p>\n<\/div>\n\n\n\n<div class=\"wp-block-column is-vertically-aligned-top is-layout-flow wp-block-column-is-layout-flow\">\n<figure class=\"wp-block-image size-large\"><img decoding=\"async\" src=\"http:\/\/dps.kostrzyn.pl\/wp-content\/themes\/astra\/inc\/assets\/images\/starter-content\/portfolio.svg\" alt=\"\" class=\"wp-image-137\"\/><\/figure>\n\n\n\n<h3 class=\"wp-block-heading has-text-align-left\" style=\"margin-top:16px\">Portfolio<\/h3>\n\n\n\n<p class=\"has-text-align-left\">Lorem ipsum dolor consectetur adipiscing elit eiusmod.<\/p>\n<\/div>\n<\/div>\n<\/div><\/div>\n\n\n\n<div class=\"wp-block-group alignfull\" id=\"services\" style=\"padding-top:144px;padding-bottom:0px\"><div class=\"wp-block-group__inner-container is-layout-constrained wp-container-core-group-is-layout-87b4ec50 wp-block-group-is-layout-constrained\">\n<h2 class=\"wp-block-heading\">Our Services<\/h2>\n\n\n\n<div class=\"wp-block-columns is-layout-flex wp-container-core-columns-is-layout-f2dca054 wp-block-columns-is-layout-flex\" style=\"margin-top:50px\">\n<div class=\"wp-block-column is-layout-flow wp-block-column-is-layout-flow\">\n<figure class=\"wp-block-image size-full\"><img decoding=\"async\" src=\"http:\/\/dps.kostrzyn.pl\/wp-content\/themes\/astra\/inc\/assets\/images\/starter-content\/branding.jpg\" alt=\"\" class=\"wp-image-230\"\/><\/figure>\n\n\n\n<h3 class=\"wp-block-heading\" style=\"margin-top:16px\">Branding Design<\/h3>\n\n\n\n<p>Sem quis erat nibh id neque tincidunt molestie convallis ut nibh vel, lorem consequat ullamcorper.<\/p>\n<\/div>\n\n\n\n<div class=\"wp-block-column is-layout-flow wp-block-column-is-layout-flow\">\n<figure class=\"wp-block-image size-full\"><img decoding=\"async\" src=\"http:\/\/dps.kostrzyn.pl\/wp-content\/themes\/astra\/inc\/assets\/images\/starter-content\/graphic.jpg\" alt=\"\" class=\"wp-image-232\"\/><\/figure>\n\n\n\n<h3 class=\"wp-block-heading\" style=\"margin-top:16px\">Graphic Design<\/h3>\n\n\n\n<p>Sem quis erat nibh id neque tincidunt molestie convallis ut nibh vel, lorem consequat ullamcorper.<\/p>\n<\/div>\n\n\n\n<div class=\"wp-block-column is-layout-flow wp-block-column-is-layout-flow\">\n<figure class=\"wp-block-image size-full\"><img decoding=\"async\" src=\"http:\/\/dps.kostrzyn.pl\/wp-content\/themes\/astra\/inc\/assets\/images\/starter-content\/web.jpg\" alt=\"\" class=\"wp-image-231\"\/><\/figure>\n\n\n\n<h3 class=\"wp-block-heading\" style=\"margin-top:16px\">Web Development<\/h3>\n\n\n\n<p>Sem quis erat nibh id neque tincidunt molestie convallis ut nibh vel, lorem consequat ullamcorper.<\/p>\n<\/div>\n<\/div>\n<\/div><\/div>\n\n\n\n<div class=\"wp-block-group alignfull has-ast-global-color-5-background-color has-background\" id=\"about\" style=\"padding-top:143px;padding-bottom:144px\"><div class=\"wp-block-group__inner-container is-layout-constrained wp-container-core-group-is-layout-fe2c33bb wp-block-group-is-layout-constrained\">\n<div class=\"wp-block-media-text has-media-on-the-right is-stacked-on-mobile is-vertically-aligned-center\"><div class=\"wp-block-media-text__content\">\n<div class=\"wp-block-group\" style=\"padding-right:80px\"><div class=\"wp-block-group__inner-container is-layout-constrained wp-container-core-group-is-layout-4b302186 wp-block-group-is-layout-constrained\">\n<h2 class=\"wp-block-heading\" style=\"padding-right:40px\">We help teams build the business of their dreams<\/h2>\n\n\n\n<p>Et in risus egestas nec vitae odio ac nibh vestibulum volutpat aliquet aenean erat lobortis non.<\/p>\n\n\n\n<p>Nibh egestas dictumst cursus est turpis quis tincidunt pulvinar maecenas eget massa vel, ante nam blandit egestas enim id quis sit maecenas id nunc tempus auctor orci, enim imperdiet proin nibh mattis.<\/p>\n<\/div><\/div>\n<\/div><figure class=\"wp-block-media-text__media\"><img decoding=\"async\" src=\"http:\/\/dps.kostrzyn.pl\/wp-content\/themes\/astra\/inc\/assets\/images\/starter-content\/about-us.jpg\" alt=\"\" class=\"wp-image-237 size-full\"\/><\/figure><\/div>\n<\/div><\/div>\n\n\n\n<div class=\"wp-block-group alignfull has-ast-global-color-4-background-color has-background\" id=\"reviews\"><div class=\"wp-block-group__inner-container is-layout-constrained wp-container-core-group-is-layout-be8a1dfc wp-block-group-is-layout-constrained\"><div class=\"wp-block-image\">\n<figure class=\"aligncenter size-full\"><img decoding=\"async\" src=\"http:\/\/dps.kostrzyn.pl\/wp-content\/themes\/astra\/inc\/assets\/images\/starter-content\/avatar.png\" alt=\"\" class=\"wp-image-235\"\/><\/figure>\n<\/div>\n\n\n<p class=\"has-text-align-center\" style=\"font-size:22px;line-height:1.6\">\u201cThe best part is that Astra comes with hundreds of professionally designed templates for just about every industry, makes it super easy for non-techy users to build a website.\u201d<\/p>\n\n\n\n<p class=\"has-text-align-center\"><strong>Wade Warren<\/strong><\/p>\n<\/div><\/div>\n\n\n\n<div class=\"wp-block-group alignfull\" id=\"whyus\" style=\"padding-top:144px;padding-bottom:144px\"><div class=\"wp-block-group__inner-container is-layout-constrained wp-container-core-group-is-layout-360cd3be wp-block-group-is-layout-constrained\">\n<h2 class=\"wp-block-heading\">Why Choose Us<\/h2>\n\n\n\n<div class=\"wp-block-columns is-layout-flex wp-container-core-columns-is-layout-327a385a wp-block-columns-is-layout-flex\" style=\"margin-top:60px\">\n<div class=\"wp-block-column is-layout-flow wp-block-column-is-layout-flow\">\n<figure class=\"wp-block-image size-large\"><img decoding=\"async\" src=\"http:\/\/dps.kostrzyn.pl\/wp-content\/themes\/astra\/inc\/assets\/images\/starter-content\/passionate.svg\" alt=\"\" class=\"wp-image-162\"\/><\/figure>\n\n\n\n<h3 class=\"wp-block-heading\" style=\"margin-top:16px\">Passionate<\/h3>\n\n\n\n<p>Tempor ullamcorper urna, est, lectus amet sit tempor pretium mi sed morbi cras posuere sit ultrices bibendum augue sit ornare.<\/p>\n<\/div>\n\n\n\n<div class=\"wp-block-column is-layout-flow wp-block-column-is-layout-flow\">\n<figure class=\"wp-block-image size-large\"><img decoding=\"async\" src=\"http:\/\/dps.kostrzyn.pl\/wp-content\/themes\/astra\/inc\/assets\/images\/starter-content\/professional.svg\" alt=\"\" class=\"wp-image-163\"\/><\/figure>\n\n\n\n<h3 class=\"wp-block-heading\" style=\"margin-top:16px\">Professional<\/h3>\n\n\n\n<p>Tempor ullamcorper urna, est, lectus amet sit tempor pretium mi sed morbi cras posuere sit ultrices bibendum augue sit ornare.<\/p>\n<\/div>\n\n\n\n<div class=\"wp-block-column is-layout-flow wp-block-column-is-layout-flow\">\n<figure class=\"wp-block-image size-large\"><img decoding=\"async\" src=\"http:\/\/dps.kostrzyn.pl\/wp-content\/themes\/astra\/inc\/assets\/images\/starter-content\/support.svg\" alt=\"\" class=\"wp-image-164\"\/><\/figure>\n\n\n\n<h3 class=\"wp-block-heading\" style=\"margin-top:16px\">Support<\/h3>\n\n\n\n<p>Tempor ullamcorper urna, est, lectus amet sit tempor pretium mi sed morbi cras posuere sit ultrices bibendum augue sit ornare.<\/p>\n<\/div>\n<\/div>\n<\/div><\/div>\n\n\n\n<div class=\"wp-block-group alignfull has-background\" id=\"contact\" style=\"background:linear-gradient(35deg,rgb(6,0,151) 0%,rgb(130,4,255) 64%,rgb(193,15,255) 98%);padding-top:104px;padding-bottom:104px\"><div class=\"wp-block-group__inner-container is-layout-constrained wp-container-core-group-is-layout-7a1c33fc wp-block-group-is-layout-constrained\">\n<h2 class=\"wp-block-heading has-text-align-center has-text-color\" style=\"color:#ffffff\">Get a professional website today!<\/h2>\n\n\n\n<div class=\"wp-block-buttons alignwide is-horizontal is-content-justification-center is-layout-flex wp-container-core-buttons-is-layout-91318718 wp-block-buttons-is-layout-flex\" style=\"margin-top:50px\">\n<div class=\"wp-block-button\"><a class=\"wp-block-button__link wp-element-button\">Make a Website<\/a><\/div>\n<\/div>\n<\/div><\/div>\n","protected":false},"excerpt":{"rendered":"<p>Local Business Lorem ipsum dolor consectetur adipiscing elit eiusmod. Online Store Lorem ipsum dolor consectetur adipiscing elit eiusmod. Blogging Lorem ipsum dolor consectetur adipiscing elit eiusmod. Portfolio Lorem ipsum dolor consectetur adipiscing elit eiusmod. Our Services Branding Design Sem quis erat nibh id neque tincidunt molestie convallis ut nibh vel, lorem consequat ullamcorper. Graphic Design&hellip;&nbsp;<a href=\"http:\/\/dps.kostrzyn.pl\/\" rel=\"bookmark\"><span class=\"screen-reader-text\">O nas<\/span><\/a><\/p>\n","protected":false},"author":1,"featured_media":0,"parent":0,"menu_order":0,"comment_status":"closed","ping_status":"closed","template":"","meta":{"neve_meta_sidebar":"","neve_meta_container":"","neve_meta_enable_content_width":"","neve_meta_content_width":0,"neve_meta_title_alignment":"","neve_meta_author_avatar":"","neve_post_elements_order":"","neve_meta_disable_header":"","neve_meta_disable_footer":"","neve_meta_disable_title":"","_kadence_starter_templates_imported_post":false,"footnotes":""},"class_list":["post-9","page","type-page","status-publish","hentry"],"yoast_head":"<!-- This site is optimized with the Yoast SEO plugin v25.4 - https:\/\/yoast.com\/wordpress\/plugins\/seo\/ -->\n<title>O nas - DPS Kostrzyn<\/title>\n<meta name=\"robots\" content=\"index, follow, max-snippet:-1, max-image-preview:large, max-video-preview:-1\" \/>\n<link rel=\"canonical\" href=\"http:\/\/dps.kostrzyn.pl\/\" \/>\n<meta property=\"og:locale\" content=\"en_US\" \/>\n<meta property=\"og:type\" content=\"article\" \/>\n<meta property=\"og:title\" content=\"O nas - DPS Kostrzyn\" \/>\n<meta property=\"og:description\" content=\"Local Business Lorem ipsum dolor consectetur adipiscing elit eiusmod. Online Store Lorem ipsum dolor consectetur adipiscing elit eiusmod. Blogging Lorem ipsum dolor consectetur adipiscing elit eiusmod. Portfolio Lorem ipsum dolor consectetur adipiscing elit eiusmod. Our Services Branding Design Sem quis erat nibh id neque tincidunt molestie convallis ut nibh vel, lorem consequat ullamcorper. Graphic Design&hellip;&nbsp;O nas\" \/>\n<meta property=\"og:url\" content=\"http:\/\/dps.kostrzyn.pl\/\" \/>\n<meta property=\"og:site_name\" content=\"DPS Kostrzyn\" \/>\n<meta property=\"article:modified_time\" content=\"2025-07-03T12:40:59+00:00\" \/>\n<meta property=\"og:image\" content=\"http:\/\/dps.kostrzyn.pl\/wp-content\/uploads\/2025\/07\/513866615_122119273160899724_7296800144979256425_n-593x1024.jpg\" \/>\n<meta name=\"twitter:card\" content=\"summary_large_image\" \/>\n<meta name=\"twitter:label1\" content=\"Est. reading time\" \/>\n\t<meta name=\"twitter:data1\" content=\"5 minutes\" \/>\n<script type=\"application\/ld+json\" class=\"yoast-schema-graph\">{\"@context\":\"https:\/\/schema.org\",\"@graph\":[{\"@type\":\"WebPage\",\"@id\":\"http:\/\/dps.kostrzyn.pl\/\",\"url\":\"http:\/\/dps.kostrzyn.pl\/\",\"name\":\"O nas - DPS Kostrzyn\",\"isPartOf\":{\"@id\":\"http:\/\/dps.kostrzyn.pl\/#website\"},\"primaryImageOfPage\":{\"@id\":\"http:\/\/dps.kostrzyn.pl\/#primaryimage\"},\"image\":{\"@id\":\"http:\/\/dps.kostrzyn.pl\/#primaryimage\"},\"thumbnailUrl\":\"http:\/\/dps.kostrzyn.pl\/wp-content\/uploads\/2025\/07\/513866615_122119273160899724_7296800144979256425_n-593x1024.jpg\",\"datePublished\":\"2025-07-03T07:44:41+00:00\",\"dateModified\":\"2025-07-03T12:40:59+00:00\",\"breadcrumb\":{\"@id\":\"http:\/\/dps.kostrzyn.pl\/#breadcrumb\"},\"inLanguage\":\"en-US\",\"potentialAction\":[{\"@type\":\"ReadAction\",\"target\":[\"http:\/\/dps.kostrzyn.pl\/\"]}]},{\"@type\":\"ImageObject\",\"inLanguage\":\"en-US\",\"@id\":\"http:\/\/dps.kostrzyn.pl\/#primaryimage\",\"url\":\"http:\/\/dps.kostrzyn.pl\/wp-content\/uploads\/2025\/07\/513866615_122119273160899724_7296800144979256425_n.jpg\",\"contentUrl\":\"http:\/\/dps.kostrzyn.pl\/wp-content\/uploads\/2025\/07\/513866615_122119273160899724_7296800144979256425_n.jpg\",\"width\":1080,\"height\":1866},{\"@type\":\"BreadcrumbList\",\"@id\":\"http:\/\/dps.kostrzyn.pl\/#breadcrumb\",\"itemListElement\":[{\"@type\":\"ListItem\",\"position\":1,\"name\":\"Home\",\"item\":\"http:\/\/dps.kostrzyn.pl\/\"},{\"@type\":\"ListItem\",\"position\":2,\"name\":\"O nas\"}]},{\"@type\":\"WebSite\",\"@id\":\"http:\/\/dps.kostrzyn.pl\/#website\",\"url\":\"http:\/\/dps.kostrzyn.pl\/\",\"name\":\"DPS Kostrzyn\",\"description\":\"\",\"publisher\":{\"@id\":\"http:\/\/dps.kostrzyn.pl\/#organization\"},\"potentialAction\":[{\"@type\":\"SearchAction\",\"target\":{\"@type\":\"EntryPoint\",\"urlTemplate\":\"http:\/\/dps.kostrzyn.pl\/?s={search_term_string}\"},\"query-input\":{\"@type\":\"PropertyValueSpecification\",\"valueRequired\":true,\"valueName\":\"search_term_string\"}}],\"inLanguage\":\"en-US\"},{\"@type\":\"Organization\",\"@id\":\"http:\/\/dps.kostrzyn.pl\/#organization\",\"name\":\"DPS Kostrzyn\",\"url\":\"http:\/\/dps.kostrzyn.pl\/\",\"logo\":{\"@type\":\"ImageObject\",\"inLanguage\":\"en-US\",\"@id\":\"http:\/\/dps.kostrzyn.pl\/#\/schema\/logo\/image\/\",\"url\":\"http:\/\/dps.kostrzyn.pl\/wp-content\/uploads\/2025\/07\/cropped-dps.jpg\",\"contentUrl\":\"http:\/\/dps.kostrzyn.pl\/wp-content\/uploads\/2025\/07\/cropped-dps.jpg\",\"width\":498,\"height\":480,\"caption\":\"DPS Kostrzyn\"},\"image\":{\"@id\":\"http:\/\/dps.kostrzyn.pl\/#\/schema\/logo\/image\/\"}}]}<\/script>\n<!-- \/ Yoast SEO plugin. -->","yoast_head_json":{"title":"O nas - DPS Kostrzyn","robots":{"index":"index","follow":"follow","max-snippet":"max-snippet:-1","max-image-preview":"max-image-preview:large","max-video-preview":"max-video-preview:-1"},"canonical":"http:\/\/dps.kostrzyn.pl\/","og_locale":"en_US","og_type":"article","og_title":"O nas - DPS Kostrzyn","og_description":"Local Business Lorem ipsum dolor consectetur adipiscing elit eiusmod. Online Store Lorem ipsum dolor consectetur adipiscing elit eiusmod. Blogging Lorem ipsum dolor consectetur adipiscing elit eiusmod. Portfolio Lorem ipsum dolor consectetur adipiscing elit eiusmod. Our Services Branding Design Sem quis erat nibh id neque tincidunt molestie convallis ut nibh vel, lorem consequat ullamcorper. Graphic Design&hellip;&nbsp;O nas","og_url":"http:\/\/dps.kostrzyn.pl\/","og_site_name":"DPS Kostrzyn","article_modified_time":"2025-07-03T12:40:59+00:00","og_image":[{"url":"http:\/\/dps.kostrzyn.pl\/wp-content\/uploads\/2025\/07\/513866615_122119273160899724_7296800144979256425_n-593x1024.jpg","type":"","width":"","height":""}],"twitter_card":"summary_large_image","twitter_misc":{"Est. reading time":"5 minutes"},"schema":{"@context":"https:\/\/schema.org","@graph":[{"@type":"WebPage","@id":"http:\/\/dps.kostrzyn.pl\/","url":"http:\/\/dps.kostrzyn.pl\/","name":"O nas - DPS Kostrzyn","isPartOf":{"@id":"http:\/\/dps.kostrzyn.pl\/#website"},"primaryImageOfPage":{"@id":"http:\/\/dps.kostrzyn.pl\/#primaryimage"},"image":{"@id":"http:\/\/dps.kostrzyn.pl\/#primaryimage"},"thumbnailUrl":"http:\/\/dps.kostrzyn.pl\/wp-content\/uploads\/2025\/07\/513866615_122119273160899724_7296800144979256425_n-593x1024.jpg","datePublished":"2025-07-03T07:44:41+00:00","dateModified":"2025-07-03T12:40:59+00:00","breadcrumb":{"@id":"http:\/\/dps.kostrzyn.pl\/#breadcrumb"},"inLanguage":"en-US","potentialAction":[{"@type":"ReadAction","target":["http:\/\/dps.kostrzyn.pl\/"]}]},{"@type":"ImageObject","inLanguage":"en-US","@id":"http:\/\/dps.kostrzyn.pl\/#primaryimage","url":"http:\/\/dps.kostrzyn.pl\/wp-content\/uploads\/2025\/07\/513866615_122119273160899724_7296800144979256425_n.jpg","contentUrl":"http:\/\/dps.kostrzyn.pl\/wp-content\/uploads\/2025\/07\/513866615_122119273160899724_7296800144979256425_n.jpg","width":1080,"height":1866},{"@type":"BreadcrumbList","@id":"http:\/\/dps.kostrzyn.pl\/#breadcrumb","itemListElement":[{"@type":"ListItem","position":1,"name":"Home","item":"http:\/\/dps.kostrzyn.pl\/"},{"@type":"ListItem","position":2,"name":"O nas"}]},{"@type":"WebSite","@id":"http:\/\/dps.kostrzyn.pl\/#website","url":"http:\/\/dps.kostrzyn.pl\/","name":"DPS Kostrzyn","description":"","publisher":{"@id":"http:\/\/dps.kostrzyn.pl\/#organization"},"potentialAction":[{"@type":"SearchAction","target":{"@type":"EntryPoint","urlTemplate":"http:\/\/dps.kostrzyn.pl\/?s={search_term_string}"},"query-input":{"@type":"PropertyValueSpecification","valueRequired":true,"valueName":"search_term_string"}}],"inLanguage":"en-US"},{"@type":"Organization","@id":"http:\/\/dps.kostrzyn.pl\/#organization","name":"DPS Kostrzyn","url":"http:\/\/dps.kostrzyn.pl\/","logo":{"@type":"ImageObject","inLanguage":"en-US","@id":"http:\/\/dps.kostrzyn.pl\/#\/schema\/logo\/image\/","url":"http:\/\/dps.kostrzyn.pl\/wp-content\/uploads\/2025\/07\/cropped-dps.jpg","contentUrl":"http:\/\/dps.kostrzyn.pl\/wp-content\/uploads\/2025\/07\/cropped-dps.jpg","width":498,"height":480,"caption":"DPS Kostrzyn"},"image":{"@id":"http:\/\/dps.kostrzyn.pl\/#\/schema\/logo\/image\/"}}]}},"_links":{"self":[{"href":"http:\/\/dps.kostrzyn.pl\/index.php?rest_route=\/wp\/v2\/pages\/9","targetHints":{"allow":["GET"]}}],"collection":[{"href":"http:\/\/dps.kostrzyn.pl\/index.php?rest_route=\/wp\/v2\/pages"}],"about":[{"href":"http:\/\/dps.kostrzyn.pl\/index.php?rest_route=\/wp\/v2\/types\/page"}],"author":[{"embeddable":true,"href":"http:\/\/dps.kostrzyn.pl\/index.php?rest_route=\/wp\/v2\/users\/1"}],"replies":[{"embeddable":true,"href":"http:\/\/dps.kostrzyn.pl\/index.php?rest_route=%2Fwp%2Fv2%2Fcomments&post=9"}],"version-history":[{"count":10,"href":"http:\/\/dps.kostrzyn.pl\/index.php?rest_route=\/wp\/v2\/pages\/9\/revisions"}],"predecessor-version":[{"id":60,"href":"http:\/\/dps.kostrzyn.pl\/index.php?rest_route=\/wp\/v2\/pages\/9\/revisions\/60"}],"wp:attachment":[{"href":"http:\/\/dps.kostrzyn.pl\/index.php?rest_route=%2Fwp%2Fv2%2Fmedia&parent=9"}],"curies":[{"name":"wp","href":"https:\/\/api.w.org\/{rel}","templated":true}]}}